{"id":394,"date":"2023-09-14T15:47:42","date_gmt":"2023-09-14T15:47:42","guid":{"rendered":"https:\/\/asesorarsas.com\/?page_id=394"},"modified":"2024-02-21T20:30:29","modified_gmt":"2024-02-22T01:30:29","slug":"servicios-contables-y-financieros","status":"publish","type":"page","link":"https:\/\/asesorarsas.com\/index.php\/servicios-contables-y-financieros\/","title":{"rendered":"Servicios Contables y Financieros"},"content":{"rendered":"<p>[et_pb_section fb_built=\u00bb1&#8243; custom_padding_last_edited=\u00bbon|tablet\u00bb _builder_version=\u00bb4.23.1&#8243; _module_preset=\u00bbdefault\u00bb background_image=\u00bbhttp:\/\/asesorarsas.com\/wp-content\/uploads\/2023\/12\/Servicios-Contables-1.png\u00bb custom_margin_tablet=\u00bb0px||||false|false\u00bb custom_margin_phone=\u00bb0px||||false|false\u00bb custom_margin_last_edited=\u00bbon|tablet\u00bb custom_padding=\u00bb||4px|||\u00bb custom_padding_tablet=\u00bb0px||||false|false\u00bb custom_padding_phone=\u00bb0px||||false|false\u00bb global_colors_info=\u00bb{}\u00bb][et_pb_row column_structure=\u00bb1_2,1_2&#8243; use_custom_gutter=\u00bbon\u00bb gutter_width=\u00bb2&#8243; custom_padding_last_edited=\u00bbon|tablet\u00bb _builder_version=\u00bb4.23.1&#8243; _module_preset=\u00bbdefault\u00bb width=\u00bb100%\u00bb max_width=\u00bb1235px\u00bb module_alignment=\u00bbcenter\u00bb custom_margin_tablet=\u00bb0px||||false|false\u00bb custom_margin_phone=\u00bb0px||||false|false\u00bb custom_margin_last_edited=\u00bbon|tablet\u00bb custom_padding_tablet=\u00bb0px||||false|false\u00bb custom_padding_phone=\u00bb0px||||false|false\u00bb global_colors_info=\u00bb{}\u00bb][et_pb_column type=\u00bb1_2&#8243; _builder_version=\u00bb4.23.1&#8243; _module_preset=\u00bbdefault\u00bb global_colors_info=\u00bb{}\u00bb][et_pb_text _builder_version=\u00bb4.23.1&#8243; _module_preset=\u00bbdefault\u00bb header_font=\u00bbQuicksand|600|||||||\u00bb header_text_align=\u00bbleft\u00bb header_text_color=\u00bb#003c71&#8243; header_font_size=\u00bb40px\u00bb custom_margin=\u00bb-3px||||false|false\u00bb custom_margin_tablet=\u00bb50px||||false|false\u00bb custom_margin_phone=\u00bb50px||||false|false\u00bb custom_margin_last_edited=\u00bbon|desktop\u00bb hover_enabled=\u00bb0&#8243; header_text_align_tablet=\u00bbcenter\u00bb header_text_align_phone=\u00bbcenter\u00bb header_text_align_last_edited=\u00bbon|desktop\u00bb header_font_size_tablet=\u00bb40px\u00bb header_font_size_phone=\u00bb34px\u00bb header_font_size_last_edited=\u00bbon|desktop\u00bb global_colors_info=\u00bb{}\u00bb sticky_enabled=\u00bb0&#8243;]<\/p>\n<h1>Servicios<br \/>Contables Y Financieros<\/h1>\n<p>[\/et_pb_text][et_pb_text _builder_version=\u00bb4.24.2&#8243; _module_preset=\u00bbdefault\u00bb text_font=\u00bbQuicksand|500|||||||\u00bb text_text_color=\u00bb#000000&#8243; text_font_size=\u00bb17px\u00bb custom_margin=\u00bb0px||||false|true\u00bb hover_enabled=\u00bb0&#8243; text_orientation_tablet=\u00bbcenter\u00bb text_orientation_phone=\u00bb\u00bb text_orientation_last_edited=\u00bbon|desktop\u00bb global_colors_info=\u00bb{}\u00bb sticky_enabled=\u00bb0&#8243; custom_margin_last_edited=\u00bbon|desktop\u00bb custom_margin_tablet=\u00bb|15px||15px|false|true\u00bb custom_margin_phone=\u00bb|15px||15px|false|true\u00bb]<\/p>\n<p>En el din\u00e1mico paisaje financiero, la claridad y la precisi\u00f3n son cruciales. Asesorar se destaca en ofrecer servicios contables y financieros que cumplen con las rigurosas Normas de Informaci\u00f3n Financiera (NIIF). Desde la contabilidad general hasta la elaboraci\u00f3n de informes financieros, nos aseguramos de que cada n\u00famero cuente.<\/p>\n<p>[\/et_pb_text][et_pb_button button_url=\u00bbhttp:\/\/wa.link\/die2tq\u00bb url_new_window=\u00bbon\u00bb button_text=\u00bbHabla con un asesor\u00bb button_alignment=\u00bbleft\u00bb button_alignment_tablet=\u00bbcenter\u00bb button_alignment_phone=\u00bbcenter\u00bb button_alignment_last_edited=\u00bbon|desktop\u00bb _builder_version=\u00bb4.23.1&#8243; _module_preset=\u00bbdefault\u00bb custom_button=\u00bbon\u00bb button_text_color=\u00bb#FFFFFF\u00bb button_bg_color=\u00bb#0060a1&#8243; button_border_width=\u00bb0px\u00bb button_border_radius=\u00bb10px\u00bb button_font=\u00bbQuicksand|700||on|||||\u00bb custom_margin=\u00bb||||false|false\u00bb global_colors_info=\u00bb{}\u00bb][\/et_pb_button][et_pb_text disabled_on=\u00bbon|on|off\u00bb _builder_version=\u00bb4.23.1&#8243; _module_preset=\u00bbdefault\u00bb header_font=\u00bbQuicksand|700|||||||\u00bb header_text_align=\u00bbcenter\u00bb header_text_color=\u00bb#FFFFFF\u00bb header_font_size=\u00bb48px\u00bb header_line_height=\u00bb1.5em\u00bb custom_margin=\u00bb150px||||false|false\u00bb custom_margin_tablet=\u00bb150px||||false|false\u00bb custom_margin_phone=\u00bb150px||||false|false\u00bb custom_margin_last_edited=\u00bbon|desktop\u00bb header_font_size_tablet=\u00bb48px\u00bb header_font_size_phone=\u00bb48px\u00bb header_font_size_last_edited=\u00bbon|desktop\u00bb global_colors_info=\u00bb{}\u00bb]<\/p>\n<h1>\u00a1Impulsa el \u00c9xito de tu Gesti\u00f3n Empresarial!<\/h1>\n<p>[\/et_pb_text][\/et_pb_column][et_pb_column type=\u00bb1_2&#8243; _builder_version=\u00bb4.23.1&#8243; _module_preset=\u00bbdefault\u00bb global_colors_info=\u00bb{}\u00bb][et_pb_image src=\u00bbhttp:\/\/asesorarsas.com\/wp-content\/uploads\/2023\/12\/Servicios-Contables-2.png\u00bb title_text=\u00bbServicios Contables 2&#8243; align=\u00bbright\u00bb _builder_version=\u00bb4.23.1&#8243; _module_preset=\u00bbdefault\u00bb animation_style=\u00bbslide\u00bb animation_direction=\u00bbright\u00bb global_colors_info=\u00bb{}\u00bb][\/et_pb_image][\/et_pb_column][\/et_pb_row][\/et_pb_section][et_pb_section fb_built=\u00bb1&#8243; _builder_version=\u00bb4.23.1&#8243; _module_preset=\u00bbdefault\u00bb background_image=\u00bbhttp:\/\/asesorarsas.com\/wp-content\/uploads\/2023\/12\/unnamed.png\u00bb global_colors_info=\u00bb{}\u00bb][et_pb_row use_custom_gutter=\u00bbon\u00bb gutter_width=\u00bb1&#8243; _builder_version=\u00bb4.23.1&#8243; _module_preset=\u00bbdefault\u00bb width=\u00bb100%\u00bb max_width=\u00bb1350px\u00bb module_alignment=\u00bbcenter\u00bb custom_padding=\u00bb9px||2px|||\u00bb global_colors_info=\u00bb{}\u00bb][et_pb_column type=\u00bb4_4&#8243; _builder_version=\u00bb4.23.1&#8243; _module_preset=\u00bbdefault\u00bb global_colors_info=\u00bb{}\u00bb][et_pb_text _builder_version=\u00bb4.23.1&#8243; _module_preset=\u00bbdefault\u00bb header_font=\u00bbQuicksand|700|||||||\u00bb header_text_align=\u00bbcenter\u00bb header_text_color=\u00bb#FFFFFF\u00bb header_font_size=\u00bb70px\u00bb header_font_size_tablet=\u00bb50px\u00bb header_font_size_phone=\u00bb37px\u00bb header_font_size_last_edited=\u00bbon|desktop\u00bb global_colors_info=\u00bb{}\u00bb]<\/p>\n<h1>Consultor\u00eda Contable y Financiera<\/h1>\n<p>[\/et_pb_text][\/et_pb_column][\/et_pb_row][\/et_pb_section][et_pb_section fb_built=\u00bb1&#8243; _builder_version=\u00bb4.23.1&#8243; _module_preset=\u00bbdefault\u00bb custom_padding=\u00bb9px|||||\u00bb global_colors_info=\u00bb{}\u00bb][et_pb_row _builder_version=\u00bb4.23.1&#8243; _module_preset=\u00bbdefault\u00bb custom_padding=\u00bb5px|||||\u00bb global_colors_info=\u00bb{}\u00bb][et_pb_column type=\u00bb4_4&#8243; _builder_version=\u00bb4.23.1&#8243; _module_preset=\u00bbdefault\u00bb global_colors_info=\u00bb{}\u00bb][et_pb_text _builder_version=\u00bb4.23.1&#8243; _module_preset=\u00bbdefault\u00bb text_font=\u00bbQuicksand|500|||||||\u00bb text_text_color=\u00bb#0060a1&#8243; text_font_size=\u00bb28px\u00bb text_line_height=\u00bb1.1em\u00bb text_orientation=\u00bbcenter\u00bb text_font_size_tablet=\u00bb28px\u00bb text_font_size_phone=\u00bb20px\u00bb text_font_size_last_edited=\u00bbon|phone\u00bb global_colors_info=\u00bb{}\u00bb]<\/p>\n<p>En Asesorar, ofrecemos una consultor\u00eda contable y financiera integral dise\u00f1ada para potenciar el rendimiento y la eficiencia de tu empresa. Este servicio aborda una amplia gama de aspectos cruciales, brind\u00e1ndote el respaldo necesario para el \u00e9xito empresarial.<\/p>\n<p>[\/et_pb_text][\/et_pb_column][\/et_pb_row][et_pb_row use_custom_gutter=\u00bbon\u00bb gutter_width=\u00bb2&#8243; _builder_version=\u00bb4.23.1&#8243; _module_preset=\u00bbdefault\u00bb width=\u00bb100%\u00bb max_width=\u00bb1350px\u00bb module_alignment=\u00bbcenter\u00bb custom_padding=\u00bb||0px|||\u00bb global_colors_info=\u00bb{}\u00bb][et_pb_column type=\u00bb4_4&#8243; _builder_version=\u00bb4.23.1&#8243; _module_preset=\u00bbdefault\u00bb global_colors_info=\u00bb{}\u00bb][et_pb_text _builder_version=\u00bb4.23.1&#8243; _module_preset=\u00bbdefault\u00bb header_font=\u00bbQuicksand|700|||||||\u00bb header_text_align=\u00bbcenter\u00bb header_text_color=\u00bb#003c71&#8243; global_colors_info=\u00bb{}\u00bb]<\/p>\n<h1>Nuestros Puntos Clave<\/h1>\n<p>[\/et_pb_text][\/et_pb_column][\/et_pb_row][et_pb_row _builder_version=\u00bb4.23.1&#8243; _module_preset=\u00bbdefault\u00bb global_colors_info=\u00bb{}\u00bb][et_pb_column type=\u00bb4_4&#8243; _builder_version=\u00bb4.23.1&#8243; _module_preset=\u00bbdefault\u00bb global_colors_info=\u00bb{}\u00bb][et_pb_text _builder_version=\u00bb4.23.1&#8243; _module_preset=\u00bbdefault\u00bb text_font=\u00bbQuicksand|500|||||||\u00bb text_text_color=\u00bb#000000&#8243; text_font_size=\u00bb17px\u00bb header_3_font=\u00bbQuicksand|700|||||||\u00bb header_3_text_color=\u00bb#003c71&#8243; global_colors_info=\u00bb{}\u00bb]<\/p>\n<blockquote>\n<h3>Revisi\u00f3n y Mantenimiento de la Informaci\u00f3n Financiera:<\/h3>\n<\/blockquote>\n<p>Garantizamos que tu informaci\u00f3n financiera sea oportuna y confiable, proporcionando una base s\u00f3lida para la toma de decisiones estrat\u00e9gicas. Cumplimiento Normativo: Nos encargamos de asegurar el cumplimiento riguroso de la normativa legal vigente relacionada con el sistema contable de tu organizaci\u00f3n.<\/p>\n<blockquote>\n<h3>Declaraciones de Impuestos:<\/h3>\n<\/blockquote>\n<p>Elaboramos y presentamos las declaraciones de impuestos municipales y nacionales, asegurando conformidad y eficiencia.<\/p>\n<blockquote>\n<h3>Estados Financieros:<\/h3>\n<\/blockquote>\n<p>Preparamos y presentamos peri\u00f3dicamente los estados financieros, ajust\u00e1ndonos a las fechas solicitadas por la Gerencia.<\/p>\n<blockquote>\n<h3>Reuniones Peri\u00f3dicas y Asesor\u00eda:<\/h3>\n<\/blockquote>\n<p>Facilitamos reuniones peri\u00f3dicas para la presentaci\u00f3n de informaci\u00f3n financiera, brindando asesor\u00eda en la mejora de actividades empresariales dentro de nuestro conocimiento y alcance.<\/p>\n<blockquote>\n<h3>An\u00e1lisis Econ\u00f3mico y Soluciones Decisionales:<\/h3>\n<\/blockquote>\n<p>Analizamos la situaci\u00f3n econ\u00f3mica de tu organizaci\u00f3n y proporcionamos soluciones efectivas para la toma de decisiones y su implementaci\u00f3n.<\/p>\n<blockquote>\n<h3>Propuestas de Mejoramiento y Controles Internos:<\/h3>\n<\/blockquote>\n<p>Presentamos propuestas para mejorar los controles internos derivados de la evaluaci\u00f3n de nuestras funciones.<\/p>\n<blockquote>\n<h3>Optimizaci\u00f3n Legal B\u00e1sica:<\/h3>\n<\/blockquote>\n<p>Ofrecemos sugerencias para optimizar el manejo legal en aspectos laborales, tributarios y comerciales.<\/p>\n<blockquote>\n<h3>Preparaci\u00f3n de Informaci\u00f3n para Entidades Relevantes:<\/h3>\n<\/blockquote>\n<p>Preparamos, bas\u00e1ndonos en la contabilidad, la informaci\u00f3n necesaria para entidades financieras, C\u00e1mara de Comercio, DIAN, DANE, y otros organismos de control.<\/p>\n<p>[\/et_pb_text][\/et_pb_column][\/et_pb_row][et_pb_row column_structure=\u00bb1_2,1_2&#8243; _builder_version=\u00bb4.23.1&#8243; _module_preset=\u00bbdefault\u00bb global_colors_info=\u00bb{}\u00bb][et_pb_column type=\u00bb1_2&#8243; _builder_version=\u00bb4.23.1&#8243; _module_preset=\u00bbdefault\u00bb global_colors_info=\u00bb{}\u00bb][et_pb_text _builder_version=\u00bb4.23.1&#8243; _module_preset=\u00bbdefault\u00bb text_font=\u00bb|600|||||||\u00bb text_text_color=\u00bb#0060a1&#8243; text_font_size=\u00bb22px\u00bb text_orientation=\u00bbjustified\u00bb custom_margin=\u00bb49px|||||\u00bb global_colors_info=\u00bb{}\u00bb]<\/p>\n<p>Deja atr\u00e1s al contador tradicional y opta por nuestro servicio de outsourcing contable. Contamos con un equipo de profesionales dedicados a gestionar integralmente todas las operaciones contables de tu organizaci\u00f3n. Esta opci\u00f3n no solo reduce costos, sino que tambi\u00e9n elimina la necesidad de incorporar personal adicional a tu n\u00f3mina.<\/p>\n<p>[\/et_pb_text][\/et_pb_column][et_pb_column type=\u00bb1_2&#8243; _builder_version=\u00bb4.23.1&#8243; _module_preset=\u00bbdefault\u00bb global_colors_info=\u00bb{}\u00bb][et_pb_image src=\u00bbhttp:\/\/asesorarsas.com\/wp-content\/uploads\/2023\/12\/Servicios-Contables-4.png\u00bb title_text=\u00bbServicios Contables 4&#8243; _builder_version=\u00bb4.23.1&#8243; _module_preset=\u00bbdefault\u00bb animation_style=\u00bbfade\u00bb global_colors_info=\u00bb{}\u00bb][\/et_pb_image][\/et_pb_column][\/et_pb_row][et_pb_row _builder_version=\u00bb4.23.1&#8243; _module_preset=\u00bbdefault\u00bb global_colors_info=\u00bb{}\u00bb][et_pb_column type=\u00bb4_4&#8243; _builder_version=\u00bb4.23.1&#8243; _module_preset=\u00bbdefault\u00bb global_colors_info=\u00bb{}\u00bb][et_pb_button button_url=\u00bbhttp:\/\/wa.link\/die2tq\u00bb url_new_window=\u00bbon\u00bb button_text=\u00bbHabla con un asesor\u00bb button_alignment=\u00bbcenter\u00bb button_alignment_tablet=\u00bbcenter\u00bb button_alignment_phone=\u00bbcenter\u00bb button_alignment_last_edited=\u00bbon|desktop\u00bb _builder_version=\u00bb4.23.1&#8243; _module_preset=\u00bbdefault\u00bb custom_button=\u00bbon\u00bb button_text_size=\u00bb35px\u00bb button_text_color=\u00bb#FFFFFF\u00bb button_bg_color=\u00bb#0060a1&#8243; button_border_width=\u00bb0px\u00bb button_border_radius=\u00bb10px\u00bb button_font=\u00bbQuicksand|700||on|||||\u00bb custom_margin=\u00bb||||false|false\u00bb button_text_size_tablet=\u00bb35px\u00bb button_text_size_phone=\u00bb20px\u00bb button_text_size_last_edited=\u00bbon|phone\u00bb global_colors_info=\u00bb{}\u00bb][\/et_pb_button][\/et_pb_column][\/et_pb_row][\/et_pb_section][et_pb_section fb_built=\u00bb1&#8243; admin_label=\u00bbFooter\u00bb _builder_version=\u00bb4.23.1&#8243; _module_preset=\u00bbdefault\u00bb background_color=\u00bb#003c71&#8243; custom_padding=\u00bb||4px|||\u00bb global_module=\u00bb72&#8243; saved_tabs=\u00bball\u00bb locked=\u00bboff\u00bb collapsed=\u00bbon\u00bb global_colors_info=\u00bb{}\u00bb][et_pb_row column_structure=\u00bb1_2,1_2&#8243; _builder_version=\u00bb4.22.1&#8243; _module_preset=\u00bbdefault\u00bb global_colors_info=\u00bb{}\u00bb][et_pb_column type=\u00bb1_2&#8243; _builder_version=\u00bb4.16.0&#8243; _module_preset=\u00bbdefault\u00bb custom_padding_tablet=\u00bb||||false|false\u00bb custom_padding_phone=\u00bb||||false|false\u00bb custom_padding_last_edited=\u00bbon|tablet\u00bb global_colors_info=\u00bb{}\u00bb][et_pb_image src=\u00bbhttp:\/\/asesorarsas.com\/wp-content\/uploads\/2023\/12\/Logo-Blanco-09.png\u00bb title_text=\u00bbLogo Blanco-09&#8243; align_tablet=\u00bb\u00bb align_phone=\u00bbcenter\u00bb align_last_edited=\u00bbon|phone\u00bb _builder_version=\u00bb4.23.1&#8243; _module_preset=\u00bbdefault\u00bb width=\u00bb90%\u00bb custom_margin=\u00bb|||-60px|false|false\u00bb custom_margin_tablet=\u00bb\u00bb custom_margin_phone=\u00bb|0px||0px|false|true\u00bb custom_margin_last_edited=\u00bbon|desktop\u00bb global_colors_info=\u00bb{}\u00bb][\/et_pb_image][et_pb_text _builder_version=\u00bb4.23.1&#8243; _module_preset=\u00bb89e8f159-669b-4873-a528-8be274fa7efc\u00bb header_4_font=\u00bbMontserrat|700||on|||||\u00bb header_4_text_color=\u00bb#FFFFFF\u00bb header_4_font_size=\u00bb16px\u00bb header_4_letter_spacing=\u00bb0.3em\u00bb header_4_line_height=\u00bb1.6em\u00bb custom_margin=\u00bb||0px||false|false\u00bb header_4_font_size_tablet=\u00bb14px\u00bb header_4_font_size_phone=\u00bb12px\u00bb header_4_font_size_last_edited=\u00bbon|phone\u00bb global_colors_info=\u00bb{}\u00bb]<\/p>\n<h4>Claudia Patricia<\/h4>\n<p>[\/et_pb_text][et_pb_text _builder_version=\u00bb4.23.1&#8243; _module_preset=\u00bb596f4725-1c36-45b8-8f21-69157f74cf89&#8243; text_font=\u00bbQuicksand|500|||||||\u00bb text_text_color=\u00bb#FFFFFF\u00bb text_font_size=\u00bb15px\u00bb text_line_height=\u00bb1em\u00bb link_text_color=\u00bb#FFFFFF\u00bb text_font_size_tablet=\u00bb\u00bb text_font_size_phone=\u00bb14px\u00bb text_font_size_last_edited=\u00bbon|phone\u00bb locked=\u00bboff\u00bb global_colors_info=\u00bb{}\u00bb]<\/p>\n<p>(+57) 312 8515071<\/p>\n<p>claudiar@asesorarrsas.com<\/p>\n<p>Cra. 23 #14-37 Torre 5, 101 \u00c1lamos<\/p>\n<p>[\/et_pb_text][\/et_pb_column][et_pb_column type=\u00bb1_2&#8243; _builder_version=\u00bb4.16.0&#8243; _module_preset=\u00bbdefault\u00bb global_colors_info=\u00bb{}\u00bb][et_pb_text _builder_version=\u00bb4.23.1&#8243; _module_preset=\u00bba751df79-3e8e-4693-a7d6-736a96115ddf\u00bb text_font=\u00bbRoboto|500|||||||\u00bb text_text_color=\u00bb#000000&#8243; text_font_size=\u00bb18px\u00bb text_line_height=\u00bb180%\u00bb header_font=\u00bbMontserrat|700|||||||\u00bb header_text_color=\u00bb#0F1154&#8243; header_font_size=\u00bb125px\u00bb header_line_height=\u00bb110%\u00bb header_2_font=\u00bbMontserrat|600|||||||\u00bb header_2_text_color=\u00bb#0F1154&#8243; header_2_font_size=\u00bb70px\u00bb header_2_line_height=\u00bb120%\u00bb header_3_font=\u00bbQuicksand|700|||||||\u00bb header_3_text_align=\u00bbcenter\u00bb header_3_text_color=\u00bb#FFFFFF\u00bb header_3_font_size=\u00bb40px\u00bb header_3_line_height=\u00bb100%\u00bb header_4_font=\u00bbMontserrat|700|||||||\u00bb header_4_text_color=\u00bb#0F1154&#8243; header_4_font_size=\u00bb28px\u00bb header_4_line_height=\u00bb1.6em\u00bb header_5_font=\u00bbMontserrat|700|||||||\u00bb header_5_text_color=\u00bb#0F1154&#8243; header_5_font_size=\u00bb18px\u00bb header_5_line_height=\u00bb150%\u00bb header_6_font=\u00bbMontserrat||||||||\u00bb header_6_text_color=\u00bb#0F1154&#8243; custom_margin=\u00bb||||false|false\u00bb custom_margin_tablet=\u00bb5vw||0px||false|false\u00bb custom_margin_phone=\u00bb5vw||0px||false|false\u00bb custom_margin_last_edited=\u00bbon|tablet\u00bb text_font_size_tablet=\u00bb\u00bb text_font_size_phone=\u00bb14px\u00bb text_font_size_last_edited=\u00bbon|phone\u00bb header_font_size_tablet=\u00bb40px\u00bb header_font_size_phone=\u00bb24px\u00bb header_font_size_last_edited=\u00bbon|tablet\u00bb header_2_font_size_tablet=\u00bb30px\u00bb header_2_font_size_phone=\u00bb20px\u00bb header_2_font_size_last_edited=\u00bbon|tablet\u00bb header_3_font_size_tablet=\u00bb20px\u00bb header_3_font_size_phone=\u00bb16px\u00bb header_3_font_size_last_edited=\u00bbon|tablet\u00bb header_4_font_size_tablet=\u00bb22px\u00bb header_4_font_size_phone=\u00bb16px\u00bb header_4_font_size_last_edited=\u00bbon|phone\u00bb header_5_font_size_tablet=\u00bb16px\u00bb header_5_font_size_phone=\u00bb14px\u00bb header_5_font_size_last_edited=\u00bbon|tablet\u00bb global_colors_info=\u00bb{}\u00bb]<\/p>\n<h3>\u00bfTienes alguna duda?<\/h3>\n<h3>Cont\u00e1ctanos<\/h3>\n<p>[\/et_pb_text][et_pb_contact_form email=\u00bbclaudiar@asesorarrsas.com\u00bb custom_message=\u00bbNombre y Apellido: %%Name%%||et_pb_line_break_holder||Correo Electr\u00f3nico: %%Email%%||et_pb_line_break_holder||Tel\u00e9fono: %%Phone%%||et_pb_line_break_holder||Motivo de la consulta: %%Message%%\u00bb success_message=\u00bb\u00a1Muchas gracias!\u00bb submit_button_text=\u00bbEnviar\u00bb _builder_version=\u00bb4.23.1&#8243; _module_preset=\u00bbdefault\u00bb _unique_id=\u00bbd53aadbb-6771-4a3a-b55e-dad1cecf2570&#8243; captcha_font=\u00bbQuicksand||||||||\u00bb captcha_text_color=\u00bb#FFFFFF\u00bb form_field_font=\u00bbQuicksand|500|||||||\u00bb custom_button=\u00bbon\u00bb button_text_color=\u00bb#000000&#8243; button_bg_color=\u00bb#FFFFFF\u00bb button_border_width=\u00bb0px\u00bb button_border_radius=\u00bb12px\u00bb button_font=\u00bbQuicksand||||||||\u00bb button_text_color_last_edited=\u00bboff|desktop\u00bb border_radii=\u00bbon|12px|12px|12px|12px\u00bb box_shadow_style=\u00bbpreset2&#8243; box_shadow_style_button=\u00bbpreset2&#8243; global_colors_info=\u00bb{}\u00bb button_bg_color__hover_enabled=\u00bbon|desktop\u00bb button_bg_color__hover=\u00bb#0f60a2&#8243; button_bg_enable_color__hover=\u00bbon\u00bb button_text_size__hover_enabled=\u00bboff|desktop\u00bb button_text_color__hover_enabled=\u00bbon|desktop\u00bb button_text_color__hover=\u00bb#FFFFFF\u00bb][et_pb_contact_field field_id=\u00bbName\u00bb field_title=\u00bbNombre y Apellido\u00bb _builder_version=\u00bb4.22.1&#8243; global_colors_info=\u00bb{}\u00bb button_text_size__hover_enabled=\u00bboff\u00bb button_one_text_size__hover_enabled=\u00bboff\u00bb button_two_text_size__hover_enabled=\u00bboff\u00bb button_text_color__hover_enabled=\u00bboff\u00bb button_one_text_color__hover_enabled=\u00bboff\u00bb button_two_text_color__hover_enabled=\u00bboff\u00bb button_border_width__hover_enabled=\u00bboff\u00bb button_one_border_width__hover_enabled=\u00bboff\u00bb button_two_border_width__hover_enabled=\u00bboff\u00bb button_border_color__hover_enabled=\u00bboff\u00bb button_one_border_color__hover_enabled=\u00bboff\u00bb button_two_border_color__hover_enabled=\u00bboff\u00bb button_border_radius__hover_enabled=\u00bboff\u00bb button_one_border_radius__hover_enabled=\u00bboff\u00bb button_two_border_radius__hover_enabled=\u00bboff\u00bb button_letter_spacing__hover_enabled=\u00bboff\u00bb button_one_letter_spacing__hover_enabled=\u00bboff\u00bb button_two_letter_spacing__hover_enabled=\u00bboff\u00bb button_bg_color__hover_enabled=\u00bboff\u00bb button_one_bg_color__hover_enabled=\u00bboff\u00bb button_two_bg_color__hover_enabled=\u00bboff\u00bb][\/et_pb_contact_field][et_pb_contact_field field_id=\u00bbEmail\u00bb field_title=\u00bbCorreo Electr\u00f3nico\u00bb field_type=\u00bbemail\u00bb _builder_version=\u00bb4.22.1&#8243; global_colors_info=\u00bb{}\u00bb button_text_size__hover_enabled=\u00bboff\u00bb button_one_text_size__hover_enabled=\u00bboff\u00bb button_two_text_size__hover_enabled=\u00bboff\u00bb button_text_color__hover_enabled=\u00bboff\u00bb button_one_text_color__hover_enabled=\u00bboff\u00bb button_two_text_color__hover_enabled=\u00bboff\u00bb button_border_width__hover_enabled=\u00bboff\u00bb button_one_border_width__hover_enabled=\u00bboff\u00bb button_two_border_width__hover_enabled=\u00bboff\u00bb button_border_color__hover_enabled=\u00bboff\u00bb button_one_border_color__hover_enabled=\u00bboff\u00bb button_two_border_color__hover_enabled=\u00bboff\u00bb button_border_radius__hover_enabled=\u00bboff\u00bb button_one_border_radius__hover_enabled=\u00bboff\u00bb button_two_border_radius__hover_enabled=\u00bboff\u00bb button_letter_spacing__hover_enabled=\u00bboff\u00bb button_one_letter_spacing__hover_enabled=\u00bboff\u00bb button_two_letter_spacing__hover_enabled=\u00bboff\u00bb button_bg_color__hover_enabled=\u00bboff\u00bb button_one_bg_color__hover_enabled=\u00bboff\u00bb button_two_bg_color__hover_enabled=\u00bboff\u00bb][\/et_pb_contact_field][et_pb_contact_field field_id=\u00bbPhone\u00bb field_title=\u00bbTel\u00e9fono\u00bb fullwidth_field=\u00bbon\u00bb _builder_version=\u00bb4.22.1&#8243; _module_preset=\u00bbdefault\u00bb global_colors_info=\u00bb{}\u00bb][\/et_pb_contact_field][et_pb_contact_field field_id=\u00bbMessage\u00bb field_title=\u00bbMotivo de la consulta\u00bb field_type=\u00bbtext\u00bb fullwidth_field=\u00bbon\u00bb _builder_version=\u00bb4.22.1&#8243; global_colors_info=\u00bb{}\u00bb button_text_size__hover_enabled=\u00bboff\u00bb button_one_text_size__hover_enabled=\u00bboff\u00bb button_two_text_size__hover_enabled=\u00bboff\u00bb button_text_color__hover_enabled=\u00bboff\u00bb button_one_text_color__hover_enabled=\u00bboff\u00bb button_two_text_color__hover_enabled=\u00bboff\u00bb button_border_width__hover_enabled=\u00bboff\u00bb button_one_border_width__hover_enabled=\u00bboff\u00bb button_two_border_width__hover_enabled=\u00bboff\u00bb button_border_color__hover_enabled=\u00bboff\u00bb button_one_border_color__hover_enabled=\u00bboff\u00bb button_two_border_color__hover_enabled=\u00bboff\u00bb button_border_radius__hover_enabled=\u00bboff\u00bb button_one_border_radius__hover_enabled=\u00bboff\u00bb button_two_border_radius__hover_enabled=\u00bboff\u00bb button_letter_spacing__hover_enabled=\u00bboff\u00bb button_one_letter_spacing__hover_enabled=\u00bboff\u00bb button_two_letter_spacing__hover_enabled=\u00bboff\u00bb button_bg_color__hover_enabled=\u00bboff\u00bb button_one_bg_color__hover_enabled=\u00bboff\u00bb button_two_bg_color__hover_enabled=\u00bboff\u00bb][\/et_pb_contact_field][\/et_pb_contact_form][\/et_pb_column][\/et_pb_row][\/et_pb_section]<\/p>\n","protected":false},"excerpt":{"rendered":"<p>ServiciosContables Y FinancierosEn el din\u00e1mico paisaje financiero, la claridad y la precisi\u00f3n son cruciales. Asesorar se destaca en ofrecer servicios contables y financieros que cumplen con las rigurosas Normas de Informaci\u00f3n Financiera (NIIF). Desde la contabilidad general hasta la elaboraci\u00f3n de informes financieros, nos aseguramos de que cada n\u00famero cuente.\u00a1Impulsa el \u00c9xito de tu Gesti\u00f3n [&hellip;]<\/p>\n","protected":false},"author":1,"featured_media":0,"parent":0,"menu_order":0,"comment_status":"closed","ping_status":"closed","template":"","meta":{"_et_pb_use_builder":"on","_et_pb_old_content":"","_et_gb_content_width":"","footnotes":""},"class_list":["post-394","page","type-page","status-publish","hentry"],"aioseo_notices":[],"_links":{"self":[{"href":"https:\/\/asesorarsas.com\/index.php\/wp-json\/wp\/v2\/pages\/394","targetHints":{"allow":["GET"]}}],"collection":[{"href":"https:\/\/asesorarsas.com\/index.php\/wp-json\/wp\/v2\/pages"}],"about":[{"href":"https:\/\/asesorarsas.com\/index.php\/wp-json\/wp\/v2\/types\/page"}],"author":[{"embeddable":true,"href":"https:\/\/asesorarsas.com\/index.php\/wp-json\/wp\/v2\/users\/1"}],"replies":[{"embeddable":true,"href":"https:\/\/asesorarsas.com\/index.php\/wp-json\/wp\/v2\/comments?post=394"}],"version-history":[{"count":15,"href":"https:\/\/asesorarsas.com\/index.php\/wp-json\/wp\/v2\/pages\/394\/revisions"}],"predecessor-version":[{"id":650,"href":"https:\/\/asesorarsas.com\/index.php\/wp-json\/wp\/v2\/pages\/394\/revisions\/650"}],"wp:attachment":[{"href":"https:\/\/asesorarsas.com\/index.php\/wp-json\/wp\/v2\/media?parent=394"}],"curies":[{"name":"wp","href":"https:\/\/api.w.org\/{rel}","templated":true}]}}