{"id":369,"date":"2023-09-14T15:13:35","date_gmt":"2023-09-14T15:13:35","guid":{"rendered":"https:\/\/asesorarsas.com\/?page_id=369"},"modified":"2024-02-21T20:20:35","modified_gmt":"2024-02-22T01:20:35","slug":"revisoria-fiscal","status":"publish","type":"page","link":"https:\/\/asesorarsas.com\/index.php\/revisoria-fiscal\/","title":{"rendered":"Revisor\u00eda Fiscal"},"content":{"rendered":"<p>[et_pb_section fb_built=\u00bb1&#8243; _builder_version=\u00bb4.23.1&#8243; _module_preset=\u00bbdefault\u00bb background_image=\u00bbhttp:\/\/asesorarsas.com\/wp-content\/uploads\/2023\/12\/Servicios-Contables-1.png\u00bb custom_padding=\u00bb0px||4px||false|false\u00bb global_colors_info=\u00bb{}\u00bb][et_pb_row column_structure=\u00bb1_2,1_2&#8243; use_custom_gutter=\u00bbon\u00bb gutter_width=\u00bb2&#8243; custom_padding_last_edited=\u00bbon|tablet\u00bb _builder_version=\u00bb4.23.1&#8243; _module_preset=\u00bbdefault\u00bb width=\u00bb100%\u00bb max_width=\u00bb1235px\u00bb module_alignment=\u00bbcenter\u00bb custom_padding=\u00bb0px||||false|false\u00bb custom_padding_tablet=\u00bb0px||||false|false\u00bb custom_padding_phone=\u00bb0px||||false|false\u00bb global_colors_info=\u00bb{}\u00bb][et_pb_column type=\u00bb1_2&#8243; _builder_version=\u00bb4.23.1&#8243; _module_preset=\u00bbdefault\u00bb global_colors_info=\u00bb{}\u00bb][et_pb_text _builder_version=\u00bb4.23.1&#8243; _module_preset=\u00bbdefault\u00bb header_font=\u00bbQuicksand|600|||||||\u00bb header_text_align=\u00bbleft\u00bb header_text_color=\u00bb#003c71&#8243; header_font_size=\u00bb40px\u00bb custom_margin=\u00bb50px||||false|false\u00bb custom_margin_tablet=\u00bb20px||||false|false\u00bb custom_margin_phone=\u00bb10px||||false|false\u00bb custom_margin_last_edited=\u00bbon|desktop\u00bb header_text_align_tablet=\u00bbcenter\u00bb header_text_align_phone=\u00bbcenter\u00bb header_text_align_last_edited=\u00bbon|desktop\u00bb header_font_size_tablet=\u00bb40px\u00bb header_font_size_phone=\u00bb40px\u00bb header_font_size_last_edited=\u00bbon|desktop\u00bb global_colors_info=\u00bb{}\u00bb]<\/p>\n<h1>Revisor\u00eda Fiscal<\/h1>\n<p>[\/et_pb_text][et_pb_text _builder_version=\u00bb4.23.1&#8243; _module_preset=\u00bbdefault\u00bb header_font=\u00bbQuicksand|600|||||||\u00bb header_text_align=\u00bbleft\u00bb header_text_color=\u00bb#003c71&#8243; header_font_size=\u00bb40px\u00bb header_2_font=\u00bb|600|||||||\u00bb header_2_text_color=\u00bb#0060a1&#8243; header_2_font_size=\u00bb28px\u00bb custom_margin=\u00bb-30px||||false|false\u00bb custom_margin_tablet=\u00bb||||false|false\u00bb custom_margin_phone=\u00bb||||false|false\u00bb custom_margin_last_edited=\u00bbon|desktop\u00bb header_text_align_tablet=\u00bbleft\u00bb header_text_align_phone=\u00bbleft\u00bb header_text_align_last_edited=\u00bbon|desktop\u00bb header_font_size_tablet=\u00bb40px\u00bb header_font_size_phone=\u00bb40px\u00bb header_font_size_last_edited=\u00bbon|desktop\u00bb header_2_text_align_tablet=\u00bbcenter\u00bb header_2_text_align_phone=\u00bbcenter\u00bb header_2_text_align_last_edited=\u00bbon|tablet\u00bb global_colors_info=\u00bb{}\u00bb]<\/p>\n<h2>Aplicaci\u00f3n Rigurosa<br \/>de las NIAS<\/h2>\n<p>[\/et_pb_text][et_pb_text _builder_version=\u00bb4.23.1&#8243; _module_preset=\u00bbdefault\u00bb text_font=\u00bbQuicksand|500|||||||\u00bb text_text_color=\u00bb#000000&#8243; text_font_size=\u00bb17px\u00bb custom_margin=\u00bb-3px||||false|false\u00bb custom_margin_tablet=\u00bb-30px|90px||90px|false|true\u00bb custom_margin_phone=\u00bb|60px||60px|false|true\u00bb custom_margin_last_edited=\u00bbon|tablet\u00bb text_orientation_tablet=\u00bbcenter\u00bb text_orientation_phone=\u00bb\u00bb text_orientation_last_edited=\u00bbon|desktop\u00bb global_colors_info=\u00bb{}\u00bb]<\/p>\n<p>La revisor\u00eda fiscal es un basti\u00f3n de la buena gobernanza. En Asesorar, aplicamos rigurosamente las Normas Internacionales de Auditor\u00eda (NIAS) para asegurar la transparencia y la conformidad con las mejores pr\u00e1cticas. Nuestro compromiso es tu tranquilidad financiera.<\/p>\n<p>[\/et_pb_text][et_pb_button button_url=\u00bbhttp:\/\/wa.link\/die2tq\u00bb url_new_window=\u00bbon\u00bb button_text=\u00bbHabla con un asesor\u00bb button_alignment=\u00bbleft\u00bb button_alignment_tablet=\u00bbcenter\u00bb button_alignment_phone=\u00bbcenter\u00bb button_alignment_last_edited=\u00bbon|desktop\u00bb _builder_version=\u00bb4.23.1&#8243; _module_preset=\u00bbdefault\u00bb custom_button=\u00bbon\u00bb button_text_color=\u00bb#FFFFFF\u00bb button_bg_color=\u00bb#0060a1&#8243; button_border_width=\u00bb0px\u00bb button_border_radius=\u00bb10px\u00bb button_font=\u00bbQuicksand|700||on|||||\u00bb custom_margin=\u00bb||||false|false\u00bb global_colors_info=\u00bb{}\u00bb][\/et_pb_button][\/et_pb_column][et_pb_column type=\u00bb1_2&#8243; _builder_version=\u00bb4.23.1&#8243; _module_preset=\u00bbdefault\u00bb global_colors_info=\u00bb{}\u00bb][et_pb_image src=\u00bbhttp:\/\/asesorarsas.com\/wp-content\/uploads\/2023\/12\/Revisoria-Fiscal-09.png\u00bb title_text=\u00bbRevisori\u0301a Fiscal-09&#8243; align=\u00bbright\u00bb _builder_version=\u00bb4.23.1&#8243; _module_preset=\u00bbdefault\u00bb animation_style=\u00bbslide\u00bb animation_direction=\u00bbright\u00bb global_colors_info=\u00bb{}\u00bb][\/et_pb_image][\/et_pb_column][\/et_pb_row][et_pb_row _builder_version=\u00bb4.23.1&#8243; _module_preset=\u00bbdefault\u00bb global_colors_info=\u00bb{}\u00bb][et_pb_column type=\u00bb4_4&#8243; _builder_version=\u00bb4.23.1&#8243; _module_preset=\u00bbdefault\u00bb global_colors_info=\u00bb{}\u00bb][et_pb_text disabled_on=\u00bbon|on|off\u00bb _builder_version=\u00bb4.23.1&#8243; _module_preset=\u00bbdefault\u00bb header_font=\u00bbQuicksand|700|||||||\u00bb header_text_align=\u00bbcenter\u00bb header_text_color=\u00bb#FFFFFF\u00bb header_font_size=\u00bb38px\u00bb header_line_height=\u00bb1.5em\u00bb custom_margin=\u00bb1px||||false|false\u00bb custom_margin_tablet=\u00bb150px||||false|false\u00bb custom_margin_phone=\u00bb150px||||false|false\u00bb custom_margin_last_edited=\u00bbon|desktop\u00bb header_font_size_tablet=\u00bb48px\u00bb header_font_size_phone=\u00bb48px\u00bb header_font_size_last_edited=\u00bbon|desktop\u00bb global_colors_info=\u00bb{}\u00bb]<\/p>\n<h1>\u00a1Garantiza la Solidez de tu Empresa con Revisor\u00eda Fiscal: Seguridad, Cumplimiento y Tranquilidad Financiera.!<\/h1>\n<p>[\/et_pb_text][\/et_pb_column][\/et_pb_row][\/et_pb_section][et_pb_section fb_built=\u00bb1&#8243; _builder_version=\u00bb4.23.1&#8243; _module_preset=\u00bbdefault\u00bb background_image=\u00bbhttp:\/\/asesorarsas.com\/wp-content\/uploads\/2023\/12\/unnamed.png\u00bb global_colors_info=\u00bb{}\u00bb][et_pb_row use_custom_gutter=\u00bbon\u00bb gutter_width=\u00bb1&#8243; _builder_version=\u00bb4.23.1&#8243; _module_preset=\u00bbdefault\u00bb width=\u00bb100%\u00bb max_width=\u00bb1350px\u00bb module_alignment=\u00bbcenter\u00bb custom_padding=\u00bb9px||2px|||\u00bb global_colors_info=\u00bb{}\u00bb][et_pb_column type=\u00bb4_4&#8243; _builder_version=\u00bb4.23.1&#8243; _module_preset=\u00bbdefault\u00bb global_colors_info=\u00bb{}\u00bb][et_pb_text _builder_version=\u00bb4.23.1&#8243; _module_preset=\u00bbdefault\u00bb header_font=\u00bbQuicksand|700|||||||\u00bb header_text_align=\u00bbcenter\u00bb header_text_color=\u00bb#FFFFFF\u00bb header_font_size=\u00bb70px\u00bb header_font_size_tablet=\u00bb70px\u00bb header_font_size_phone=\u00bb43px\u00bb header_font_size_last_edited=\u00bbon|desktop\u00bb global_colors_info=\u00bb{}\u00bb]<\/p>\n<h1>Revisor\u00eda Fiscal<\/h1>\n<p>[\/et_pb_text][\/et_pb_column][\/et_pb_row][\/et_pb_section][et_pb_section fb_built=\u00bb1&#8243; _builder_version=\u00bb4.23.1&#8243; _module_preset=\u00bbdefault\u00bb custom_padding=\u00bb0px||||false|false\u00bb global_colors_info=\u00bb{}\u00bb][et_pb_row _builder_version=\u00bb4.23.1&#8243; _module_preset=\u00bbdefault\u00bb custom_padding=\u00bb0px||||false|false\u00bb global_colors_info=\u00bb{}\u00bb][et_pb_column type=\u00bb4_4&#8243; _builder_version=\u00bb4.23.1&#8243; _module_preset=\u00bbdefault\u00bb global_colors_info=\u00bb{}\u00bb][et_pb_text _builder_version=\u00bb4.23.1&#8243; _module_preset=\u00bbdefault\u00bb text_font=\u00bbQuicksand|500|||||||\u00bb text_text_color=\u00bb#0060a1&#8243; text_font_size=\u00bb28px\u00bb text_line_height=\u00bb1.1em\u00bb text_orientation=\u00bbcenter\u00bb text_font_size_tablet=\u00bb28px\u00bb text_font_size_phone=\u00bb20px\u00bb text_font_size_last_edited=\u00bbon|phone\u00bb global_colors_info=\u00bb{}\u00bb]<\/p>\n<p><span style=\"font-weight: 400;\">En Asesorar, nuestro compromiso con la excelencia se refleja en los servicios de Revisor\u00eda Fiscal, planificados con precisi\u00f3n t\u00e9cnica y guiados por las normas internacionales de auditor\u00eda. Realizamos nuestra labor con visitas peri\u00f3dicas, supervisi\u00f3n cuidadosa y participaci\u00f3n activa en reuniones estrat\u00e9gicas.<\/span><\/p>\n<p>[\/et_pb_text][\/et_pb_column][\/et_pb_row][et_pb_row use_custom_gutter=\u00bbon\u00bb gutter_width=\u00bb2&#8243; _builder_version=\u00bb4.23.1&#8243; _module_preset=\u00bbdefault\u00bb width=\u00bb100%\u00bb max_width=\u00bb1350px\u00bb module_alignment=\u00bbcenter\u00bb custom_padding=\u00bb||0px|||\u00bb global_colors_info=\u00bb{}\u00bb][et_pb_column type=\u00bb4_4&#8243; _builder_version=\u00bb4.23.1&#8243; _module_preset=\u00bbdefault\u00bb global_colors_info=\u00bb{}\u00bb][et_pb_text _builder_version=\u00bb4.23.1&#8243; _module_preset=\u00bbdefault\u00bb header_font=\u00bbQuicksand|700|||||||\u00bb header_text_align=\u00bbcenter\u00bb header_text_color=\u00bb#003c71&#8243; global_colors_info=\u00bb{}\u00bb]<\/p>\n<h1>Nuestros Puntos Clave<\/h1>\n<p>[\/et_pb_text][\/et_pb_column][\/et_pb_row][et_pb_row _builder_version=\u00bb4.23.1&#8243; _module_preset=\u00bbdefault\u00bb global_colors_info=\u00bb{}\u00bb][et_pb_column type=\u00bb4_4&#8243; _builder_version=\u00bb4.23.1&#8243; _module_preset=\u00bbdefault\u00bb global_colors_info=\u00bb{}\u00bb][et_pb_text _builder_version=\u00bb4.23.1&#8243; _module_preset=\u00bbdefault\u00bb text_font=\u00bbQuicksand|500|||||||\u00bb text_text_color=\u00bb#000000&#8243; text_font_size=\u00bb17px\u00bb header_3_font=\u00bbQuicksand|700|||||||\u00bb header_3_text_color=\u00bb#003c71&#8243; global_colors_info=\u00bb{}\u00bb]<\/p>\n<blockquote>\n<h3><b>Transparencia y Supervisi\u00f3n Continua: Nuestro Enfoque Integral<\/b><\/h3>\n<\/blockquote>\n<p><span style=\"font-weight: 400;\">Nuestro trabajo de Revisor\u00eda Fiscal implica visitas peri\u00f3dicas a las instalaciones de la organizaci\u00f3n, supervisadas rigurosamente por nuestro Supervisor de Proyectos. Participamos activamente en las reuniones de Consejo de Administraci\u00f3n o Junta Directiva, aportando una visi\u00f3n valiosa a las decisiones estrat\u00e9gicas.<\/span><\/p>\n<blockquote>\n<h3><b>Informe Peri\u00f3dico y Propuestas de Mejoramiento: Trabajo Transparente y Proactivo<\/b><\/h3>\n<\/blockquote>\n<p><span style=\"font-weight: 400;\">Entregamos informes escritos de avance y resultados al menos una vez al mes, presentando propuestas espec\u00edficas de mejora. Estos informes se discuten directamente con la Administraci\u00f3n y el Consejo de Administraci\u00f3n en reuniones regulares. Nos esforzamos por ser proactivos, buscando constantemente oportunidades de mejora.<\/span><\/p>\n<blockquote>\n<h3><b>Seguimiento Riguroso y Cumplimiento Normativo: Garant\u00eda de Conformidad<\/b><\/h3>\n<\/blockquote>\n<p><span style=\"font-weight: 400;\">Realizamos comit\u00e9s peri\u00f3dicos de seguimiento a las recomendaciones de la Revisor\u00eda Fiscal mediante una matriz de responsables y fechas de cumplimiento. Este enfoque garantiza que las propuestas de mejora sean implementadas efectivamente, fortaleciendo la transparencia y el cumplimiento normativo.<\/span><\/p>\n<blockquote>\n<h3><b>Opini\u00f3n Integral y Dictamen Conforme a Normativas: Rigurosidad y Profesionalismo<\/b><\/h3>\n<\/blockquote>\n<p><span style=\"font-weight: 400;\">En estricto cumplimiento de las normas, emitimos un dictamen con la opini\u00f3n sobre los estados financieros, realizando una auditor\u00eda conforme a las NIAS. Informamos sobre el cumplimiento de los requerimientos legales y reglamentarios, ofreciendo una opini\u00f3n sobre el control interno de la entidad. Adem\u00e1s, abordamos todas las opiniones espec\u00edficas a cargo del Revisor Fiscal.<\/span><\/p>\n<p><span style=\"font-weight: 400;\">En Asesorar, llevamos la Revisor\u00eda Fiscal m\u00e1s all\u00e1 de la conformidad, brindando una visi\u00f3n estrat\u00e9gica para fortalecer la transparencia y el \u00e9xito de tu organizaci\u00f3n.<\/span><\/p>\n<blockquote><\/blockquote>\n<p>&nbsp;<\/p>\n<p>[\/et_pb_text][\/et_pb_column][\/et_pb_row][et_pb_row column_structure=\u00bb1_5,3_5,1_5&#8243; _builder_version=\u00bb4.23.1&#8243; _module_preset=\u00bbdefault\u00bb custom_padding=\u00bb5px|||||\u00bb global_colors_info=\u00bb{}\u00bb][et_pb_column type=\u00bb1_5&#8243; _builder_version=\u00bb4.23.1&#8243; _module_preset=\u00bbdefault\u00bb global_colors_info=\u00bb{}\u00bb][\/et_pb_column][et_pb_column type=\u00bb3_5&#8243; _builder_version=\u00bb4.23.1&#8243; _module_preset=\u00bbdefault\u00bb global_colors_info=\u00bb{}\u00bb][et_pb_image src=\u00bbhttp:\/\/asesorarsas.com\/wp-content\/uploads\/2023\/12\/Servicios-Contables-4.png\u00bb title_text=\u00bbServicios Contables 4&#8243; _builder_version=\u00bb4.23.1&#8243; _module_preset=\u00bbdefault\u00bb animation_style=\u00bbfade\u00bb global_colors_info=\u00bb{}\u00bb][\/et_pb_image][\/et_pb_column][et_pb_column type=\u00bb1_5&#8243; _builder_version=\u00bb4.23.1&#8243; _module_preset=\u00bbdefault\u00bb global_colors_info=\u00bb{}\u00bb][\/et_pb_column][\/et_pb_row][et_pb_row _builder_version=\u00bb4.23.1&#8243; _module_preset=\u00bbdefault\u00bb global_colors_info=\u00bb{}\u00bb][et_pb_column type=\u00bb4_4&#8243; _builder_version=\u00bb4.23.1&#8243; _module_preset=\u00bbdefault\u00bb global_colors_info=\u00bb{}\u00bb][et_pb_button button_url=\u00bbhttp:\/\/wa.link\/die2tq\u00bb url_new_window=\u00bbon\u00bb button_text=\u00bbHabla con un asesor\u00bb button_alignment=\u00bbcenter\u00bb button_alignment_tablet=\u00bbcenter\u00bb button_alignment_phone=\u00bbcenter\u00bb button_alignment_last_edited=\u00bbon|desktop\u00bb _builder_version=\u00bb4.23.1&#8243; _module_preset=\u00bbdefault\u00bb custom_button=\u00bbon\u00bb button_text_size=\u00bb35px\u00bb button_text_color=\u00bb#FFFFFF\u00bb button_bg_color=\u00bb#0060a1&#8243; button_border_width=\u00bb0px\u00bb button_border_radius=\u00bb10px\u00bb button_font=\u00bbQuicksand|700||on|||||\u00bb custom_margin=\u00bb||||false|false\u00bb button_text_size_tablet=\u00bb35px\u00bb button_text_size_phone=\u00bb20px\u00bb button_text_size_last_edited=\u00bbon|phone\u00bb global_colors_info=\u00bb{}\u00bb][\/et_pb_button][\/et_pb_column][\/et_pb_row][\/et_pb_section][et_pb_section fb_built=\u00bb1&#8243; admin_label=\u00bbFooter\u00bb _builder_version=\u00bb4.23.1&#8243; _module_preset=\u00bbdefault\u00bb background_color=\u00bb#003c71&#8243; custom_padding=\u00bb||4px|||\u00bb global_module=\u00bb72&#8243; saved_tabs=\u00bball\u00bb locked=\u00bboff\u00bb collapsed=\u00bbon\u00bb global_colors_info=\u00bb{}\u00bb][et_pb_row column_structure=\u00bb1_2,1_2&#8243; _builder_version=\u00bb4.22.1&#8243; _module_preset=\u00bbdefault\u00bb global_colors_info=\u00bb{}\u00bb][et_pb_column type=\u00bb1_2&#8243; _builder_version=\u00bb4.16.0&#8243; _module_preset=\u00bbdefault\u00bb custom_padding_tablet=\u00bb||||false|false\u00bb custom_padding_phone=\u00bb||||false|false\u00bb custom_padding_last_edited=\u00bbon|tablet\u00bb global_colors_info=\u00bb{}\u00bb][et_pb_image src=\u00bbhttp:\/\/asesorarsas.com\/wp-content\/uploads\/2023\/12\/Logo-Blanco-09.png\u00bb title_text=\u00bbLogo Blanco-09&#8243; align_tablet=\u00bb\u00bb align_phone=\u00bbcenter\u00bb align_last_edited=\u00bbon|phone\u00bb _builder_version=\u00bb4.23.1&#8243; _module_preset=\u00bbdefault\u00bb width=\u00bb90%\u00bb custom_margin=\u00bb|||-60px|false|false\u00bb custom_margin_tablet=\u00bb\u00bb custom_margin_phone=\u00bb|0px||0px|false|true\u00bb custom_margin_last_edited=\u00bbon|desktop\u00bb global_colors_info=\u00bb{}\u00bb][\/et_pb_image][et_pb_text _builder_version=\u00bb4.23.1&#8243; _module_preset=\u00bb89e8f159-669b-4873-a528-8be274fa7efc\u00bb header_4_font=\u00bbMontserrat|700||on|||||\u00bb header_4_text_color=\u00bb#FFFFFF\u00bb header_4_font_size=\u00bb16px\u00bb header_4_letter_spacing=\u00bb0.3em\u00bb header_4_line_height=\u00bb1.6em\u00bb custom_margin=\u00bb||0px||false|false\u00bb header_4_font_size_tablet=\u00bb14px\u00bb header_4_font_size_phone=\u00bb12px\u00bb header_4_font_size_last_edited=\u00bbon|phone\u00bb global_colors_info=\u00bb{}\u00bb]<\/p>\n<h4>Claudia Patricia<\/h4>\n<p>[\/et_pb_text][et_pb_text _builder_version=\u00bb4.23.1&#8243; _module_preset=\u00bb596f4725-1c36-45b8-8f21-69157f74cf89&#8243; text_font=\u00bbQuicksand|500|||||||\u00bb text_text_color=\u00bb#FFFFFF\u00bb text_font_size=\u00bb15px\u00bb text_line_height=\u00bb1em\u00bb link_text_color=\u00bb#FFFFFF\u00bb text_font_size_tablet=\u00bb\u00bb text_font_size_phone=\u00bb14px\u00bb text_font_size_last_edited=\u00bbon|phone\u00bb locked=\u00bboff\u00bb global_colors_info=\u00bb{}\u00bb]<\/p>\n<p>(+57) 312 8515071<\/p>\n<p>claudiar@asesorarrsas.com<\/p>\n<p>Cra. 23 #14-37 Torre 5, 101 \u00c1lamos<\/p>\n<p>[\/et_pb_text][\/et_pb_column][et_pb_column type=\u00bb1_2&#8243; _builder_version=\u00bb4.16.0&#8243; _module_preset=\u00bbdefault\u00bb global_colors_info=\u00bb{}\u00bb][et_pb_text _builder_version=\u00bb4.23.1&#8243; _module_preset=\u00bba751df79-3e8e-4693-a7d6-736a96115ddf\u00bb text_font=\u00bbRoboto|500|||||||\u00bb text_text_color=\u00bb#000000&#8243; text_font_size=\u00bb18px\u00bb text_line_height=\u00bb180%\u00bb header_font=\u00bbMontserrat|700|||||||\u00bb header_text_color=\u00bb#0F1154&#8243; header_font_size=\u00bb125px\u00bb header_line_height=\u00bb110%\u00bb header_2_font=\u00bbMontserrat|600|||||||\u00bb header_2_text_color=\u00bb#0F1154&#8243; header_2_font_size=\u00bb70px\u00bb header_2_line_height=\u00bb120%\u00bb header_3_font=\u00bbQuicksand|700|||||||\u00bb header_3_text_align=\u00bbcenter\u00bb header_3_text_color=\u00bb#FFFFFF\u00bb header_3_font_size=\u00bb40px\u00bb header_3_line_height=\u00bb100%\u00bb header_4_font=\u00bbMontserrat|700|||||||\u00bb header_4_text_color=\u00bb#0F1154&#8243; header_4_font_size=\u00bb28px\u00bb header_4_line_height=\u00bb1.6em\u00bb header_5_font=\u00bbMontserrat|700|||||||\u00bb header_5_text_color=\u00bb#0F1154&#8243; header_5_font_size=\u00bb18px\u00bb header_5_line_height=\u00bb150%\u00bb header_6_font=\u00bbMontserrat||||||||\u00bb header_6_text_color=\u00bb#0F1154&#8243; custom_margin=\u00bb||||false|false\u00bb custom_margin_tablet=\u00bb5vw||0px||false|false\u00bb custom_margin_phone=\u00bb5vw||0px||false|false\u00bb custom_margin_last_edited=\u00bbon|tablet\u00bb text_font_size_tablet=\u00bb\u00bb text_font_size_phone=\u00bb14px\u00bb text_font_size_last_edited=\u00bbon|phone\u00bb header_font_size_tablet=\u00bb40px\u00bb header_font_size_phone=\u00bb24px\u00bb header_font_size_last_edited=\u00bbon|tablet\u00bb header_2_font_size_tablet=\u00bb30px\u00bb header_2_font_size_phone=\u00bb20px\u00bb header_2_font_size_last_edited=\u00bbon|tablet\u00bb header_3_font_size_tablet=\u00bb20px\u00bb header_3_font_size_phone=\u00bb16px\u00bb header_3_font_size_last_edited=\u00bbon|tablet\u00bb header_4_font_size_tablet=\u00bb22px\u00bb header_4_font_size_phone=\u00bb16px\u00bb header_4_font_size_last_edited=\u00bbon|phone\u00bb header_5_font_size_tablet=\u00bb16px\u00bb header_5_font_size_phone=\u00bb14px\u00bb header_5_font_size_last_edited=\u00bbon|tablet\u00bb global_colors_info=\u00bb{}\u00bb]<\/p>\n<h3>\u00bfTienes alguna duda?<\/h3>\n<h3>Cont\u00e1ctanos<\/h3>\n<p>[\/et_pb_text][et_pb_contact_form email=\u00bbclaudiar@asesorarrsas.com\u00bb custom_message=\u00bbNombre y Apellido: %%Name%%||et_pb_line_break_holder||Correo Electr\u00f3nico: %%Email%%||et_pb_line_break_holder||Tel\u00e9fono: %%Phone%%||et_pb_line_break_holder||Motivo de la consulta: %%Message%%\u00bb success_message=\u00bb\u00a1Muchas gracias!\u00bb submit_button_text=\u00bbEnviar\u00bb _builder_version=\u00bb4.23.1&#8243; _module_preset=\u00bbdefault\u00bb _unique_id=\u00bbd53aadbb-6771-4a3a-b55e-dad1cecf2570&#8243; captcha_font=\u00bbQuicksand||||||||\u00bb captcha_text_color=\u00bb#FFFFFF\u00bb form_field_font=\u00bbQuicksand|500|||||||\u00bb custom_button=\u00bbon\u00bb button_text_color=\u00bb#000000&#8243; button_bg_color=\u00bb#FFFFFF\u00bb button_border_width=\u00bb0px\u00bb button_border_radius=\u00bb12px\u00bb button_font=\u00bbQuicksand||||||||\u00bb button_text_color_last_edited=\u00bboff|desktop\u00bb border_radii=\u00bbon|12px|12px|12px|12px\u00bb box_shadow_style=\u00bbpreset2&#8243; box_shadow_style_button=\u00bbpreset2&#8243; global_colors_info=\u00bb{}\u00bb button_bg_color__hover_enabled=\u00bbon|desktop\u00bb button_bg_color__hover=\u00bb#0f60a2&#8243; button_bg_enable_color__hover=\u00bbon\u00bb button_text_size__hover_enabled=\u00bboff|desktop\u00bb button_text_color__hover_enabled=\u00bbon|desktop\u00bb button_text_color__hover=\u00bb#FFFFFF\u00bb][et_pb_contact_field field_id=\u00bbName\u00bb field_title=\u00bbNombre y Apellido\u00bb _builder_version=\u00bb4.22.1&#8243; global_colors_info=\u00bb{}\u00bb button_text_size__hover_enabled=\u00bboff\u00bb button_one_text_size__hover_enabled=\u00bboff\u00bb button_two_text_size__hover_enabled=\u00bboff\u00bb button_text_color__hover_enabled=\u00bboff\u00bb button_one_text_color__hover_enabled=\u00bboff\u00bb button_two_text_color__hover_enabled=\u00bboff\u00bb button_border_width__hover_enabled=\u00bboff\u00bb button_one_border_width__hover_enabled=\u00bboff\u00bb button_two_border_width__hover_enabled=\u00bboff\u00bb button_border_color__hover_enabled=\u00bboff\u00bb button_one_border_color__hover_enabled=\u00bboff\u00bb button_two_border_color__hover_enabled=\u00bboff\u00bb button_border_radius__hover_enabled=\u00bboff\u00bb button_one_border_radius__hover_enabled=\u00bboff\u00bb button_two_border_radius__hover_enabled=\u00bboff\u00bb button_letter_spacing__hover_enabled=\u00bboff\u00bb button_one_letter_spacing__hover_enabled=\u00bboff\u00bb button_two_letter_spacing__hover_enabled=\u00bboff\u00bb button_bg_color__hover_enabled=\u00bboff\u00bb button_one_bg_color__hover_enabled=\u00bboff\u00bb button_two_bg_color__hover_enabled=\u00bboff\u00bb][\/et_pb_contact_field][et_pb_contact_field field_id=\u00bbEmail\u00bb field_title=\u00bbCorreo Electr\u00f3nico\u00bb field_type=\u00bbemail\u00bb _builder_version=\u00bb4.22.1&#8243; global_colors_info=\u00bb{}\u00bb button_text_size__hover_enabled=\u00bboff\u00bb button_one_text_size__hover_enabled=\u00bboff\u00bb button_two_text_size__hover_enabled=\u00bboff\u00bb button_text_color__hover_enabled=\u00bboff\u00bb button_one_text_color__hover_enabled=\u00bboff\u00bb button_two_text_color__hover_enabled=\u00bboff\u00bb button_border_width__hover_enabled=\u00bboff\u00bb button_one_border_width__hover_enabled=\u00bboff\u00bb button_two_border_width__hover_enabled=\u00bboff\u00bb button_border_color__hover_enabled=\u00bboff\u00bb button_one_border_color__hover_enabled=\u00bboff\u00bb button_two_border_color__hover_enabled=\u00bboff\u00bb button_border_radius__hover_enabled=\u00bboff\u00bb button_one_border_radius__hover_enabled=\u00bboff\u00bb button_two_border_radius__hover_enabled=\u00bboff\u00bb button_letter_spacing__hover_enabled=\u00bboff\u00bb button_one_letter_spacing__hover_enabled=\u00bboff\u00bb button_two_letter_spacing__hover_enabled=\u00bboff\u00bb button_bg_color__hover_enabled=\u00bboff\u00bb button_one_bg_color__hover_enabled=\u00bboff\u00bb button_two_bg_color__hover_enabled=\u00bboff\u00bb][\/et_pb_contact_field][et_pb_contact_field field_id=\u00bbPhone\u00bb field_title=\u00bbTel\u00e9fono\u00bb fullwidth_field=\u00bbon\u00bb _builder_version=\u00bb4.22.1&#8243; _module_preset=\u00bbdefault\u00bb global_colors_info=\u00bb{}\u00bb][\/et_pb_contact_field][et_pb_contact_field field_id=\u00bbMessage\u00bb field_title=\u00bbMotivo de la consulta\u00bb field_type=\u00bbtext\u00bb fullwidth_field=\u00bbon\u00bb _builder_version=\u00bb4.22.1&#8243; global_colors_info=\u00bb{}\u00bb button_text_size__hover_enabled=\u00bboff\u00bb button_one_text_size__hover_enabled=\u00bboff\u00bb button_two_text_size__hover_enabled=\u00bboff\u00bb button_text_color__hover_enabled=\u00bboff\u00bb button_one_text_color__hover_enabled=\u00bboff\u00bb button_two_text_color__hover_enabled=\u00bboff\u00bb button_border_width__hover_enabled=\u00bboff\u00bb button_one_border_width__hover_enabled=\u00bboff\u00bb button_two_border_width__hover_enabled=\u00bboff\u00bb button_border_color__hover_enabled=\u00bboff\u00bb button_one_border_color__hover_enabled=\u00bboff\u00bb button_two_border_color__hover_enabled=\u00bboff\u00bb button_border_radius__hover_enabled=\u00bboff\u00bb button_one_border_radius__hover_enabled=\u00bboff\u00bb button_two_border_radius__hover_enabled=\u00bboff\u00bb button_letter_spacing__hover_enabled=\u00bboff\u00bb button_one_letter_spacing__hover_enabled=\u00bboff\u00bb button_two_letter_spacing__hover_enabled=\u00bboff\u00bb button_bg_color__hover_enabled=\u00bboff\u00bb button_one_bg_color__hover_enabled=\u00bboff\u00bb button_two_bg_color__hover_enabled=\u00bboff\u00bb][\/et_pb_contact_field][\/et_pb_contact_form][\/et_pb_column][\/et_pb_row][\/et_pb_section]<\/p>\n","protected":false},"excerpt":{"rendered":"<p>Revisor\u00eda FiscalAplicaci\u00f3n Rigurosade las NIASLa revisor\u00eda fiscal es un basti\u00f3n de la buena gobernanza. En Asesorar, aplicamos rigurosamente las Normas Internacionales de Auditor\u00eda (NIAS) para asegurar la transparencia y la conformidad con las mejores pr\u00e1cticas. Nuestro compromiso es tu tranquilidad financiera.\u00a1Garantiza la Solidez de tu Empresa con Revisor\u00eda Fiscal: Seguridad, Cumplimiento y Tranquilidad Financiera.!Revisor\u00eda FiscalEn [&hellip;]<\/p>\n","protected":false},"author":1,"featured_media":0,"parent":0,"menu_order":0,"comment_status":"closed","ping_status":"closed","template":"","meta":{"_et_pb_use_builder":"on","_et_pb_old_content":"","_et_gb_content_width":"","footnotes":""},"class_list":["post-369","page","type-page","status-publish","hentry"],"aioseo_notices":[],"_links":{"self":[{"href":"https:\/\/asesorarsas.com\/index.php\/wp-json\/wp\/v2\/pages\/369","targetHints":{"allow":["GET"]}}],"collection":[{"href":"https:\/\/asesorarsas.com\/index.php\/wp-json\/wp\/v2\/pages"}],"about":[{"href":"https:\/\/asesorarsas.com\/index.php\/wp-json\/wp\/v2\/types\/page"}],"author":[{"embeddable":true,"href":"https:\/\/asesorarsas.com\/index.php\/wp-json\/wp\/v2\/users\/1"}],"replies":[{"embeddable":true,"href":"https:\/\/asesorarsas.com\/index.php\/wp-json\/wp\/v2\/comments?post=369"}],"version-history":[{"count":12,"href":"https:\/\/asesorarsas.com\/index.php\/wp-json\/wp\/v2\/pages\/369\/revisions"}],"predecessor-version":[{"id":644,"href":"https:\/\/asesorarsas.com\/index.php\/wp-json\/wp\/v2\/pages\/369\/revisions\/644"}],"wp:attachment":[{"href":"https:\/\/asesorarsas.com\/index.php\/wp-json\/wp\/v2\/media?parent=369"}],"curies":[{"name":"wp","href":"https:\/\/api.w.org\/{rel}","templated":true}]}}